{"id":309,"date":"2025-12-16T13:45:02","date_gmt":"2025-12-16T10:45:02","guid":{"rendered":"https:\/\/www.tsebelgeal.com.tr\/?page_id=309"},"modified":"2026-01-15T11:33:30","modified_gmt":"2026-01-15T08:33:30","slug":"iletisim","status":"publish","type":"page","link":"https:\/\/www.tsebelgeal.com.tr\/?page_id=309","title":{"rendered":"\u0130leti\u015fim"},"content":{"rendered":"\t\t<div data-elementor-type=\"wp-page\" data-elementor-id=\"309\" class=\"elementor elementor-309\">\n\t\t\t\t\t\t<section class=\"elementor-section elementor-top-section elementor-element elementor-element-2b9efb97 elementor-section-boxed elementor-section-height-default elementor-section-height-default\" data-id=\"2b9efb97\" data-element_type=\"section\" data-settings=\"{&quot;background_background&quot;:&quot;classic&quot;}\">\n\t\t\t\t\t\t<div class=\"elementor-container elementor-column-gap-default\">\n\t\t\t\t\t<div class=\"elementor-column elementor-col-100 elementor-top-column elementor-element elementor-element-2ea519b4\" data-id=\"2ea519b4\" data-element_type=\"column\">\n\t\t\t<div class=\"elementor-widget-wrap elementor-element-populated\">\n\t\t\t\t\t\t<div class=\"elementor-element elementor-element-5a7a77a0 elementor-widget elementor-widget-heading\" data-id=\"5a7a77a0\" data-element_type=\"widget\" data-widget_type=\"heading.default\">\n\t\t\t\t\t<h1 class=\"elementor-heading-title elementor-size-default\">\u0130LET\u0130\u015e\u0130M<\/h1>\t\t\t\t<\/div>\n\t\t\t\t\t<\/div>\n\t\t<\/div>\n\t\t\t\t\t<\/div>\n\t\t<\/section>\n\t\t\t\t<section class=\"elementor-section elementor-top-section elementor-element elementor-element-29c5d41e elementor-section-boxed elementor-section-height-default elementor-section-height-default\" data-id=\"29c5d41e\" data-element_type=\"section\">\n\t\t\t\t\t\t<div class=\"elementor-container elementor-column-gap-default\">\n\t\t\t\t\t<div class=\"elementor-column elementor-col-50 elementor-top-column elementor-element elementor-element-4e507442\" data-id=\"4e507442\" data-element_type=\"column\">\n\t\t\t<div class=\"elementor-widget-wrap elementor-element-populated\">\n\t\t\t\t\t\t<div class=\"elementor-element elementor-element-4c636a18 elementor-widget elementor-widget-text-editor\" data-id=\"4c636a18\" data-element_type=\"widget\" data-widget_type=\"text-editor.default\">\n\t\t\t\t\t\t\t\t\t<p>\u0130leti\u015fim<\/p>\t\t\t\t\t\t\t\t<\/div>\n\t\t\t\t<section class=\"elementor-section elementor-inner-section elementor-element elementor-element-540f4f9a elementor-section-boxed elementor-section-height-default elementor-section-height-default\" data-id=\"540f4f9a\" data-element_type=\"section\">\n\t\t\t\t\t\t<div class=\"elementor-container elementor-column-gap-default\">\n\t\t\t\t\t<div class=\"elementor-column elementor-col-50 elementor-inner-column elementor-element elementor-element-5feaff78\" data-id=\"5feaff78\" data-element_type=\"column\">\n\t\t\t<div class=\"elementor-widget-wrap elementor-element-populated\">\n\t\t\t\t\t\t<div class=\"elementor-element elementor-element-2f6dbf3f elementor-widget elementor-widget-image\" data-id=\"2f6dbf3f\" data-element_type=\"widget\" data-widget_type=\"image.default\">\n\t\t\t\t\t\t\t\t\t\t\t\t\t\t\t<img decoding=\"async\" width=\"101\" height=\"104\" src=\"https:\/\/www.tsebelgeal.com.tr\/wp-content\/uploads\/2026\/01\/adres.png\" class=\"attachment-full size-full wp-image-375\" alt=\"\" \/>\t\t\t\t\t\t\t\t\t\t\t\t\t\t\t<\/div>\n\t\t\t\t<div class=\"elementor-element elementor-element-5d50cf4 elementor-widget elementor-widget-image\" data-id=\"5d50cf4\" data-element_type=\"widget\" data-widget_type=\"image.default\">\n\t\t\t\t\t\t\t\t\t\t\t\t\t\t\t<img decoding=\"async\" width=\"111\" height=\"99\" src=\"https:\/\/www.tsebelgeal.com.tr\/wp-content\/uploads\/2026\/01\/ll.png\" class=\"attachment-full size-full wp-image-387\" alt=\"\" \/>\t\t\t\t\t\t\t\t\t\t\t\t\t\t\t<\/div>\n\t\t\t\t<div class=\"elementor-element elementor-element-d201dc2 elementor-widget elementor-widget-image\" data-id=\"d201dc2\" data-element_type=\"widget\" data-widget_type=\"image.default\">\n\t\t\t\t\t\t\t\t\t\t\t\t\t\t\t<img decoding=\"async\" width=\"109\" height=\"106\" src=\"https:\/\/www.tsebelgeal.com.tr\/wp-content\/uploads\/2026\/01\/MAIL.png\" class=\"attachment-full size-full wp-image-388\" alt=\"\" \/>\t\t\t\t\t\t\t\t\t\t\t\t\t\t\t<\/div>\n\t\t\t\t\t<\/div>\n\t\t<\/div>\n\t\t\t\t<div class=\"elementor-column elementor-col-50 elementor-inner-column elementor-element elementor-element-6250a390\" data-id=\"6250a390\" data-element_type=\"column\">\n\t\t\t<div class=\"elementor-widget-wrap elementor-element-populated\">\n\t\t\t\t\t\t<div class=\"elementor-element elementor-element-35d60f11 elementor-widget elementor-widget-text-editor\" data-id=\"35d60f11\" data-element_type=\"widget\" data-widget_type=\"text-editor.default\">\n\t\t\t\t\t\t\t\t\t<p><strong>ADRES:<\/strong> \u00c7\u0131narl\u0131, Ziyapa\u015fa Blv. No:74, 01120 Seyhan\/ADANA<\/p>\t\t\t\t\t\t\t\t<\/div>\n\t\t\t\t<div class=\"elementor-element elementor-element-988d04f elementor-widget elementor-widget-text-editor\" data-id=\"988d04f\" data-element_type=\"widget\" data-widget_type=\"text-editor.default\">\n\t\t\t\t\t\t\t\t\t<p>\u00a0<\/p><p><strong>TEL:<\/strong> +90 542 402 63 39<\/p>\t\t\t\t\t\t\t\t<\/div>\n\t\t\t\t<div class=\"elementor-element elementor-element-65508f4 elementor-widget elementor-widget-text-editor\" data-id=\"65508f4\" data-element_type=\"widget\" data-widget_type=\"text-editor.default\">\n\t\t\t\t\t\t\t\t\t<p><strong><br><\/strong><\/p><p><strong>MA\u0130L:&nbsp;<\/strong><\/p>\t\t\t\t\t\t\t\t<\/div>\n\t\t\t\t\t<\/div>\n\t\t<\/div>\n\t\t\t\t\t<\/div>\n\t\t<\/section>\n\t\t\t\t<div class=\"elementor-element elementor-element-5dd91acf elementor-widget-divider--view-line elementor-widget elementor-widget-divider\" data-id=\"5dd91acf\" data-element_type=\"widget\" data-widget_type=\"divider.default\">\n\t\t\t\t\t\t\t<div class=\"elementor-divider\">\n\t\t\t<span class=\"elementor-divider-separator\">\n\t\t\t\t\t\t<\/span>\n\t\t<\/div>\n\t\t\t\t\t\t<\/div>\n\t\t\t\t\t<\/div>\n\t\t<\/div>\n\t\t\t\t<div class=\"elementor-column elementor-col-50 elementor-top-column elementor-element elementor-element-44d04436\" data-id=\"44d04436\" data-element_type=\"column\" data-settings=\"{&quot;background_background&quot;:&quot;classic&quot;}\">\n\t\t\t<div class=\"elementor-widget-wrap elementor-element-populated\">\n\t\t\t\t\t\t<div class=\"elementor-element elementor-element-4676e8f elementor-widget elementor-widget-heading\" data-id=\"4676e8f\" data-element_type=\"widget\" data-widget_type=\"heading.default\">\n\t\t\t\t\t<h2 class=\"elementor-heading-title elementor-size-default\">Bize Mesaj G\u00f6nderin<\/h2>\t\t\t\t<\/div>\n\t\t\t\t<div class=\"elementor-element elementor-element-9d3a492 elementor-widget elementor-widget-text-editor\" data-id=\"9d3a492\" data-element_type=\"widget\" data-widget_type=\"text-editor.default\">\n\t\t\t\t\t\t\t\t\t<p>\u00dcr\u00fcn ve hizmetlerimiz hakk\u0131nda daha detayl\u0131 bilgi almak i\u00e7in e-posta, telefon veya ileti\u015fim formumuz arac\u0131l\u0131\u011f\u0131 ile rahatl\u0131kla irtibat sa\u011flayabilirsiniz.<\/p>\t\t\t\t\t\t\t\t<\/div>\n\t\t\t\t\t<\/div>\n\t\t<\/div>\n\t\t\t\t\t<\/div>\n\t\t<\/section>\n\t\t<div class=\"elementor-element elementor-element-25117f2 e-flex e-con-boxed e-con e-parent\" data-id=\"25117f2\" data-element_type=\"container\">\n\t\t\t\t\t<div class=\"e-con-inner\">\n\t\t\t\t<div class=\"elementor-element elementor-element-724d79a elementor-widget elementor-widget-google_maps\" data-id=\"724d79a\" data-element_type=\"widget\" data-widget_type=\"google_maps.default\">\n\t\t\t\t\t\t\t<div class=\"elementor-custom-embed\">\n\t\t\t<iframe loading=\"lazy\"\n\t\t\t\t\tsrc=\"https:\/\/maps.google.com\/maps?q=%C3%87%C4%B1narl%C4%B1%2C%20Ziyapa%C5%9Fa%20Blv.%20No%3A74%2C%2001120%20Seyhan%20%2FADANA&#038;t=m&#038;z=13&#038;output=embed&#038;iwloc=near\"\n\t\t\t\t\ttitle=\"\u00c7\u0131narl\u0131, Ziyapa\u015fa Blv. No:74, 01120 Seyhan \/ADANA\"\n\t\t\t\t\taria-label=\"\u00c7\u0131narl\u0131, Ziyapa\u015fa Blv. No:74, 01120 Seyhan \/ADANA\"\n\t\t\t><\/iframe>\n\t\t<\/div>\n\t\t\t\t\t\t<\/div>\n\t\t\t\t\t<\/div>\n\t\t\t\t<\/div>\n\t\t\t\t<\/div>\n\t\t","protected":false},"excerpt":{"rendered":"<p>\u0130LET\u0130\u015e\u0130M \u0130leti\u015fim ADRES: \u00c7\u0131narl\u0131, Ziyapa\u015fa Blv. No:74, 01120 Seyhan\/ADANA \u00a0 TEL: +90 542 402 63 39 MA\u0130L:&nbsp; Bize Mesaj G\u00f6nderin \u00dcr\u00fcn ve hizmetlerimiz hakk\u0131nda daha detayl\u0131 bilgi almak i\u00e7in e-posta, telefon veya ileti\u015fim formumuz arac\u0131l\u0131\u011f\u0131 ile rahatl\u0131kla irtibat sa\u011flayabilirsiniz.<\/p>\n","protected":false},"author":1,"featured_media":0,"parent":0,"menu_order":0,"comment_status":"closed","ping_status":"closed","template":"elementor_header_footer","meta":{"footnotes":""},"class_list":["post-309","page","type-page","status-publish","hentry"],"_links":{"self":[{"href":"https:\/\/www.tsebelgeal.com.tr\/index.php?rest_route=\/wp\/v2\/pages\/309","targetHints":{"allow":["GET"]}}],"collection":[{"href":"https:\/\/www.tsebelgeal.com.tr\/index.php?rest_route=\/wp\/v2\/pages"}],"about":[{"href":"https:\/\/www.tsebelgeal.com.tr\/index.php?rest_route=\/wp\/v2\/types\/page"}],"author":[{"embeddable":true,"href":"https:\/\/www.tsebelgeal.com.tr\/index.php?rest_route=\/wp\/v2\/users\/1"}],"replies":[{"embeddable":true,"href":"https:\/\/www.tsebelgeal.com.tr\/index.php?rest_route=%2Fwp%2Fv2%2Fcomments&post=309"}],"version-history":[{"count":31,"href":"https:\/\/www.tsebelgeal.com.tr\/index.php?rest_route=\/wp\/v2\/pages\/309\/revisions"}],"predecessor-version":[{"id":409,"href":"https:\/\/www.tsebelgeal.com.tr\/index.php?rest_route=\/wp\/v2\/pages\/309\/revisions\/409"}],"wp:attachment":[{"href":"https:\/\/www.tsebelgeal.com.tr\/index.php?rest_route=%2Fwp%2Fv2%2Fmedia&parent=309"}],"curies":[{"name":"wp","href":"https:\/\/api.w.org\/{rel}","templated":true}]}}